{"id":186,"date":"2021-04-16T20:28:34","date_gmt":"2021-04-16T20:28:34","guid":{"rendered":"http:\/\/mondoconsulting.net\/?page_id=186"},"modified":"2021-05-06T17:53:57","modified_gmt":"2021-05-06T17:53:57","slug":"servicios","status":"publish","type":"page","link":"https:\/\/mondoconsulting.net\/index.php\/servicios\/","title":{"rendered":"Servicios"},"content":{"rendered":"<div class=\"wpb-content-wrapper\"><p>[vc_row css=\u00bb.vc_custom_1620323624552{margin-top: -155px !important;}\u00bb][vc_column]\n\t\t\t<!-- START servicios REVOLUTION SLIDER 6.7.38 --><p class=\"rs-p-wp-fix\"><\/p>\n\t\t\t<rs-module-wrap id=\"rev_slider_6_1_wrapper\" data-source=\"gallery\" style=\"visibility:hidden;background:transparent;padding:0;margin:0px auto;margin-top:0;margin-bottom:0;\">\n\t\t\t\t<rs-module id=\"rev_slider_6_1\" style=\"\" data-version=\"6.7.38\">\n\t\t\t\t\t<rs-slides style=\"overflow: hidden; position: absolute;\">\n\t\t\t\t\t\t<rs-slide style=\"position: absolute;\" data-key=\"rs-16\" data-title=\"Slide\" data-anim=\"adpr:false;\" data-in=\"o:0;\" data-out=\"a:false;\">\n\t\t\t\t\t\t\t<img fetchpriority=\"high\" decoding=\"async\" src=\"\/\/mondoconsulting.net\/wp-content\/plugins\/revslider\/sr6\/assets\/assets\/dummy.png\" alt=\"\" title=\"TIRA SERVICIOS edificio\" width=\"1772\" height=\"717\" class=\"rev-slidebg tp-rs-img rs-lazyload\" data-lazyload=\"\/\/mondoconsulting.net\/wp-content\/uploads\/2021\/04\/TIRA-SERVICIOS-edificio.jpg\" data-panzoom=\"d:7000ms;ss:125%;se:100;os:0\/-50px;\" data-no-retina>\n<!--\n\t\t\t\t\t\t\t--><rs-layer\n\t\t\t\t\t\t\t\tid=\"slider-6-slide-16-layer-0\" \n\t\t\t\t\t\t\t\tdata-type=\"shape\"\n\t\t\t\t\t\t\t\tdata-rsp_ch=\"on\"\n\t\t\t\t\t\t\t\tdata-text=\"w:normal;\"\n\t\t\t\t\t\t\t\tdata-dim=\"w:100%;h:100%;\"\n\t\t\t\t\t\t\t\tdata-basealign=\"slide\"\n\t\t\t\t\t\t\t\tdata-frame_1=\"e:none;sp:750;\"\n\t\t\t\t\t\t\t\tdata-frame_999=\"o:0;st:w;sp:1000;sR:4250;\"\n\t\t\t\t\t\t\t\tstyle=\"z-index:8;background-color:rgba(0,0,0,0.5);\"\n\t\t\t\t\t\t\t> \n\t\t\t\t\t\t\t<\/rs-layer><!--\n\n\t\t\t\t\t\t\t--><rs-layer\n\t\t\t\t\t\t\t\tid=\"slider-6-slide-16-layer-3\" \n\t\t\t\t\t\t\t\tdata-type=\"text\"\n\t\t\t\t\t\t\t\tdata-color=\"#fff\"\n\t\t\t\t\t\t\t\tdata-rsp_ch=\"on\"\n\t\t\t\t\t\t\t\tdata-xy=\"x:c;y:c;\"\n\t\t\t\t\t\t\t\tdata-text=\"w:normal;s:80;l:90;fw:200;a:center;\"\n\t\t\t\t\t\t\t\tdata-dim=\"minh:0px;\"\n\t\t\t\t\t\t\t\tdata-frame_0=\"o:1;\"\n\t\t\t\t\t\t\t\tdata-frame_0_chars=\"d:5;o:0;rY:90deg;\"\n\t\t\t\t\t\t\t\tdata-frame_1=\"e:power4.inOut;st:590;sp:2000;sR:590;\"\n\t\t\t\t\t\t\t\tdata-frame_1_chars=\"e:power4.out;d:5;\"\n\t\t\t\t\t\t\t\tdata-frame_999=\"o:0;st:w;sR:1810;\"\n\t\t\t\t\t\t\t\tstyle=\"z-index:9;font-family:'Montserrat';\"\n\t\t\t\t\t\t\t>Alcance de nuestros <br \/>\nservicios \n\t\t\t\t\t\t\t<\/rs-layer><!--\n-->\t\t\t\t\t<\/rs-slide>\n\t\t\t\t\t<\/rs-slides>\n\t\t\t\t<\/rs-module>\n\t\t\t\t<script>\n\t\t\t\t\tsetREVStartSize({c: 'rev_slider_6_1',rl:[1240,1024,778,480],el:[350],gw:[1240],gh:[350],type:'hero',justify:'',layout:'fullwidth',mh:\"0\"});if (window.RS_MODULES!==undefined && window.RS_MODULES.modules!==undefined && window.RS_MODULES.modules[\"revslider61\"]!==undefined) {window.RS_MODULES.modules[\"revslider61\"].once = false;window.revapi6 = undefined;if (window.RS_MODULES.checkMinimal!==undefined) window.RS_MODULES.checkMinimal()}\n\t\t\t\t<\/script>\n\t\t\t<\/rs-module-wrap>\n\t\t\t<!-- END REVOLUTION SLIDER -->\n[\/vc_column][\/vc_row][vc_row css=\u00bb.vc_custom_1618648611618{margin-top: 50px !important;}\u00bb][vc_column width=\u00bb1\/2&#8243;]<div id=\"ultimate-heading-64146a02fc4725f0c\" class=\"uvc-heading ult-adjust-bottom-margin ultimate-heading-64146a02fc4725f0c uvc-9363 \" data-hspacer=\"no_spacer\"  data-halign=\"left\" style=\"text-align:left\"><div class=\"uvc-heading-spacer no_spacer\" style=\"top\"><\/div><div class=\"uvc-main-heading ult-responsive\"  data-ultimate-target='.uvc-heading.ultimate-heading-64146a02fc4725f0c h2'  data-responsive-json-new='{\"font-size\":\"desktop:30px;\",\"line-height\":\"\"}' ><h2 style=\"font-family:&#039;Montserrat&#039;;--font-weight:theme;color:#000000;\">Servicio Integral<\/h2><\/div><\/div>[vc_column_text css=\u00bb.vc_custom_1618561192431{margin-top: 20px !important;}\u00bb]<\/p>\n<h5 class=\"p1\"><strong>Asistencia<\/strong> en la creaci\u00f3n de la \u201cfamily office\u201d desde el inicio, idealmente antes de que se produzca el evento de liquidez o la situaci\u00f3n que genera la necesidad de contar con esta figura.<\/h5>\n<h5 class=\"p1\"><strong>Definici\u00f3n<\/strong> de los objetivos y necesidades de la familia<\/h5>\n<h5 class=\"p1\"><strong>Dise\u00f1o<\/strong> de la cartera y asignaci\u00f3n de activos estrat\u00e9gica<\/h5>\n<h5 class=\"p1\"><strong>Establecimiento<\/strong> de los protocolos y procedimientos internos de gobierno y de toma de decisiones<\/h5>\n<h5 class=\"p1\"><strong>Selecci\u00f3n<\/strong> de las entidades financieras y de los gestores encargados de cada tipo de activos<\/h5>\n<h5 class=\"p1\"><strong>Ayuda<\/strong> en el reclutamiento del equipo, y en especial del m\u00e1ximo responsable de la oficina familiar<\/h5>\n<h5 class=\"p1\">Este servicio se complementa con una labor de seguimiento peri\u00f3dico (e.g. trimestral) durante el primer a\u00f1o de vida de la oficina para detectar desviaciones en los objetivos, colaborar en la soluci\u00f3n de incidencias o implementar planes de mejora.<\/h5>\n<p>[\/vc_column_text][\/vc_column][vc_column width=\u00bb1\/2&#8243; css=\u00bb.vc_custom_1618561301198{margin-top: 60px !important;}\u00bb][vc_single_image image=\u00bb199&#8243; img_size=\u00bb500&#215;500&#8243; alignment=\u00bbcenter\u00bb][\/vc_column][\/vc_row][vc_row][vc_column][vc_separator border_width=\u00bb2&#8243; css=\u00bb.vc_custom_1618562634567{margin-top: 25px !important;}\u00bb][\/vc_column][\/vc_row][vc_row css=\u00bb.vc_custom_1618562725597{margin-top: 25px !important;}\u00bb][vc_column width=\u00bb1\/2&#8243;][vc_single_image image=\u00bb200&#8243; img_size=\u00bb500&#215;500&#8243; alignment=\u00bbcenter\u00bb][\/vc_column][vc_column width=\u00bb1\/2&#8243;]<div id=\"ultimate-heading-82886a02fc4725f96\" class=\"uvc-heading ult-adjust-bottom-margin ultimate-heading-82886a02fc4725f96 uvc-5090 \" data-hspacer=\"no_spacer\"  data-halign=\"left\" style=\"text-align:left\"><div class=\"uvc-heading-spacer no_spacer\" style=\"top\"><\/div><div class=\"uvc-main-heading ult-responsive\"  data-ultimate-target='.uvc-heading.ultimate-heading-82886a02fc4725f96 h2'  data-responsive-json-new='{\"font-size\":\"desktop:30px;\",\"line-height\":\"\"}' ><h2 style=\"font-family:&#039;Montserrat&#039;;--font-weight:theme;color:#000000;\">Servicio Puntual<\/h2><\/div><\/div>[vc_column_text css=\u00bb.vc_custom_1618563464336{margin-top: 20px !important;}\u00bb]<\/p>\n<h5 class=\"p1\">Enfocado a <strong>oficinas familiares ya en funcionamiento<\/strong>, que precisan de apoyo o asesoramiento en alg\u00fan \u00e1rea espec\u00edfica, o en las que ha habido una disrupci\u00f3n que requiere medidas extraordinarias.<\/h5>\n<h5 class=\"p1\">Por ejemplo:<\/h5>\n<h5 class=\"p1\"><strong>Transici\u00f3n<\/strong> generacional<\/h5>\n<h5 class=\"p1\"><strong>Cambios<\/strong> en los objetivos o necesidades de los beneficiarios<\/h5>\n<h5 class=\"p1\"><strong>Generaci\u00f3n<\/strong> excepcional de liquidez<\/h5>\n<h5 class=\"p1\"><strong>Voluntad o necesidad<\/strong> de modificar los gestores de todo o parte de la cartera<\/h5>\n<h5 class=\"p1\"><strong>Cambios<\/strong> en el equipo<\/h5>\n<h5 class=\"p1\">Este servicio se define y ofrece a la medida de cada cliente y de la necesidad que se pretende cubrir en cada momento.<\/h5>\n<p>[\/vc_column_text][\/vc_column][\/vc_row][vc_row][vc_column][vc_separator border_width=\u00bb2&#8243; css=\u00bb.vc_custom_1618562634567{margin-top: 25px !important;}\u00bb][\/vc_column][\/vc_row][vc_row css=\u00bb.vc_custom_1618562655909{margin-top: 25px !important;}\u00bb][vc_column width=\u00bb1\/2&#8243;]<div id=\"ultimate-heading-40536a02fc472600c\" class=\"uvc-heading ult-adjust-bottom-margin ultimate-heading-40536a02fc472600c uvc-7156 \" data-hspacer=\"no_spacer\"  data-halign=\"left\" style=\"text-align:left\"><div class=\"uvc-heading-spacer no_spacer\" style=\"top\"><\/div><div class=\"uvc-main-heading ult-responsive\"  data-ultimate-target='.uvc-heading.ultimate-heading-40536a02fc472600c h2'  data-responsive-json-new='{\"font-size\":\"desktop:30px;\",\"line-height\":\"\"}' ><h2 style=\"font-family:&#039;Montserrat&#039;;--font-weight:theme;color:#000000;\">Servicio Recurrente<\/h2><\/div><\/div>[vc_column_text css=\u00bb.vc_custom_1620209052351{margin-top: 20px !important;}\u00bb]<\/p>\n<h5 class=\"p1\"><strong>Compatible con los anteriores<\/strong>, supone un asesoramiento recurrente en el tiempo, mediante la presencia en el Consejo de Familia, \u201c<strong>Advisory Board<\/strong>\u201d o incluso a trav\u00e9s de reuniones peri\u00f3dicas, en las que se analice de forma independiente la situaci\u00f3n de la oficina y se ofrezca asesoramiento sobre cualquier aspecto requerido por la familia.<\/h5>\n<p>[\/vc_column_text][\/vc_column][vc_column width=\u00bb1\/2&#8243;][vc_single_image image=\u00bb201&#8243; img_size=\u00bb500&#215;500&#8243; alignment=\u00bbcenter\u00bb][\/vc_column][\/vc_row][vc_row][vc_column][vc_separator border_width=\u00bb2&#8243; css=\u00bb.vc_custom_1618562634567{margin-top: 25px !important;}\u00bb][\/vc_column][\/vc_row][vc_row css=\u00bb.vc_custom_1618562725597{margin-top: 25px !important;}\u00bb][vc_column width=\u00bb1\/2&#8243;][vc_single_image image=\u00bb202&#8243; img_size=\u00bb500&#215;500&#8243; alignment=\u00bbcenter\u00bb][\/vc_column][vc_column width=\u00bb1\/2&#8243;]<div id=\"ultimate-heading-82626a02fc4726077\" class=\"uvc-heading ult-adjust-bottom-margin ultimate-heading-82626a02fc4726077 uvc-2258 \" data-hspacer=\"no_spacer\"  data-halign=\"left\" style=\"text-align:left\"><div class=\"uvc-heading-spacer no_spacer\" style=\"top\"><\/div><div class=\"uvc-main-heading ult-responsive\"  data-ultimate-target='.uvc-heading.ultimate-heading-82626a02fc4726077 h2'  data-responsive-json-new='{\"font-size\":\"desktop:30px;\",\"line-height\":\"\"}' ><h2 style=\"font-family:&#039;Montserrat&#039;;--font-weight:theme;color:#000000;\">Formaci\u00f3n<\/h2><\/div><\/div>[vc_column_text css=\u00bb.vc_custom_1620209280720{margin-top: 20px !important;}\u00bb]<\/p>\n<h5><strong>MONDO CONSULTING<\/strong> ofrece servicios educativos para las siguientes generaciones. El objetivo es <strong>prepararlas para hacer frente a sus retos futuros<\/strong>, a trav\u00e9s de una metodolog\u00eda que les <strong>permite crear las bases<\/strong> para entender la gesti\u00f3n del patrimonio, los valores de la familia y la responsabilidad social.<\/h5>\n<h5>Tambi\u00e9n ofrecemos\u00a0a <strong>entidades financieras<\/strong> y <strong>departamentos de Banca Privada<\/strong> jornadas formativas sobre el dise\u00f1o de acciones comerciales espec\u00edficas para este tipo de personas y familias.<\/h5>\n<h5 class=\"p1\">Los asistentes alcanzan un <strong>mayor conocimiento<\/strong> de las peculiaridades y <strong>necesidades<\/strong> de los altos patrimonios, haciendo m\u00e1s eficientes dichas acciones y permitiendo <strong>una mejora en la relaci\u00f3n con el cliente<\/strong>.<\/h5>\n<p>[\/vc_column_text][\/vc_column][\/vc_row][vc_row][vc_column][vc_separator border_width=\u00bb2&#8243; css=\u00bb.vc_custom_1618562634567{margin-top: 25px !important;}\u00bb][\/vc_column][\/vc_row][vc_row][vc_column][vc_column_text]<\/p>\n<h5 style=\"text-align: center;\">Si desea <strong>m\u00e1s informaci\u00f3n<\/strong> o que le aclaremos cualquier cuesti\u00f3n sobre nuestros servicios,<br \/>\nno dude en ponerse en contacto con nosotros. Estaremos encantados de atenderle<\/h5>\n<p>[\/vc_column_text][vc_icon icon_fontawesome=\u00bbfar fa-envelope\u00bb color=\u00bbgrey\u00bb size=\u00bbxl\u00bb align=\u00bbcenter\u00bb link=\u00bburl:http%3A%2F%2Fmondoconsulting.net%2Findex.php%2Fcontacto%2F|title:Contacto\u00bb][\/vc_column][\/vc_row]<\/p>\n<\/div>","protected":false},"excerpt":{"rendered":"<p>[vc_row css=\u00bb.vc_custom_1620323624552{margin-top: -155px !important;}\u00bb][vc_column][\/vc_column][\/vc_row][vc_row css=\u00bb.vc_custom_1618648611618{margin-top: 50px !important;}\u00bb][vc_column width=\u00bb1\/2&#8243;][vc_column_text css=\u00bb.vc_custom_1618561192431{margin-top: 20px !important;}\u00bb] Asistencia en la creaci\u00f3n de la \u201cfamily office\u201d desde el inicio, idealmente antes de que se produzca el evento de liquidez o la situaci\u00f3n que genera la necesidad de contar con esta figura. Definici\u00f3n de los objetivos y necesidades de la familia Dise\u00f1o de&hellip;<\/p>\n","protected":false},"author":1,"featured_media":0,"parent":0,"menu_order":0,"comment_status":"closed","ping_status":"closed","template":"","meta":{"footnotes":""},"class_list":["post-186","page","type-page","status-publish","hentry","description-off"],"_links":{"self":[{"href":"https:\/\/mondoconsulting.net\/index.php\/wp-json\/wp\/v2\/pages\/186","targetHints":{"allow":["GET"]}}],"collection":[{"href":"https:\/\/mondoconsulting.net\/index.php\/wp-json\/wp\/v2\/pages"}],"about":[{"href":"https:\/\/mondoconsulting.net\/index.php\/wp-json\/wp\/v2\/types\/page"}],"author":[{"embeddable":true,"href":"https:\/\/mondoconsulting.net\/index.php\/wp-json\/wp\/v2\/users\/1"}],"replies":[{"embeddable":true,"href":"https:\/\/mondoconsulting.net\/index.php\/wp-json\/wp\/v2\/comments?post=186"}],"version-history":[{"count":67,"href":"https:\/\/mondoconsulting.net\/index.php\/wp-json\/wp\/v2\/pages\/186\/revisions"}],"predecessor-version":[{"id":424,"href":"https:\/\/mondoconsulting.net\/index.php\/wp-json\/wp\/v2\/pages\/186\/revisions\/424"}],"wp:attachment":[{"href":"https:\/\/mondoconsulting.net\/index.php\/wp-json\/wp\/v2\/media?parent=186"}],"curies":[{"name":"wp","href":"https:\/\/api.w.org\/{rel}","templated":true}]}}