{"id":256,"date":"2021-04-18T08:16:09","date_gmt":"2021-04-18T08:16:09","guid":{"rendered":"http:\/\/mondoconsulting.net\/?page_id=256"},"modified":"2021-05-13T15:17:21","modified_gmt":"2021-05-13T15:17:21","slug":"cookies","status":"publish","type":"page","link":"https:\/\/mondoconsulting.net\/index.php\/cookies\/","title":{"rendered":"Cookies"},"content":{"rendered":"<p>[vc_row full_width=\u00bbstretch_row\u00bb css=\u00bb.vc_custom_1620919022669{margin-top: -155px !important;padding-bottom: 65px !important;background-color: #1e73be !important;}\u00bb][vc_column][\/vc_column][\/vc_row][vc_row][vc_column][vc_column_text]<\/p>\n<h2 style=\"text-align: center;\"><span style=\"font-size: 30px;\">Pol\u00edtica de cookies<\/span><\/h2>\n<div>\n<h3 class=\"style1\">\u00bfQu\u00e9 son las cookies?<\/h3>\n<p class=\"style1\">Una cookie es un fichero que se descarga en su ordenador al acceder a determinadas p\u00e1ginas web. Las cookies permiten a una p\u00e1gina web, entre otras cosas, almacenar y recuperar informaci\u00f3n sobre los h\u00e1bitos de navegaci\u00f3n de un usuario o de su equipo y, dependiendo de la informaci\u00f3n que contengan y de la forma en que utilice su equipo, pueden utilizarse para reconocer al usuario.<\/p>\n<h3 class=\"style1\">\u00bfQu\u00e9 tipos de cookies utiliza esta p\u00e1gina web?<\/h3>\n<h4 class=\"style1\"><strong>1. Tipos de cookies seg\u00fan la entidad que las gestione:<\/strong><\/h4>\n<p class=\"style1\">Seg\u00fan quien sea la entidad que gestione el equipo o dominio desde donde se env\u00edan las cookies y trate los datos que se obtengan, podemos distinguir:<\/p>\n<p class=\"style1\">\u2013\u00a0<strong>Cookies propias:<\/strong>\u00a0Son aqu\u00e9llas que se env\u00edan al equipo terminal del usuario desde un equipo o dominio gestionado por el propio editor y desde el que se presta el servicio solicitado por el usuario.<\/p>\n<p>\u2013\u00a0<strong>Cookies de tercero<\/strong>: Son aqu\u00e9llas que se env\u00edan al equipo terminal del usuario desde un equipo o dominio que no es gestionado por el editor, sino por otra entidad que trata los datos obtenidos trav\u00e9s de las cookies.<\/p>\n<h4 class=\"style1\"><strong>2. Tipos de cookies seg\u00fan el plazo de tiempo que permanecen activadas<\/strong><\/h4>\n<p class=\"style1\">Seg\u00fan el plazo de tiempo que permanecen activadas en el equipo terminal podemos distinguir:<\/p>\n<p class=\"style1\">\u2013\u00a0<strong>Cookies de sesi\u00f3n<\/strong>: Son un tipo de cookies dise\u00f1adas para recabar y almacenar datos mientras el usuario accede a una p\u00e1gina web. Se suelen emplear para almacenar informaci\u00f3n que solo interesa conservar para la prestaci\u00f3n del servicio solicitado por el usuario en una sola ocasi\u00f3n (p.e. una lista de productos adquiridos).<\/p>\n<p class=\"style1\">\u2013\u00a0<strong>Cookies persistentes<\/strong>: Son un tipo de cookies en el que los datos siguen almacenados en el terminal y pueden ser accedidos y tratados durante un periodo definido por el responsable de la cookie, y que puede ir de unos minutos a varios a\u00f1os.<\/p>\n<h4 class=\"style1\"><strong>3. Tipos de cookies seg\u00fan su finalidad:<\/strong><\/h4>\n<p class=\"style1\">Seg\u00fan la finalidad para la que se traten los datos obtenidos a trav\u00e9s de las cookies, podemos distinguir entre:<\/p>\n<p class=\"style1\">\u2013\u00a0<strong>Cookies t\u00e9cnicas<\/strong>: Son aqu\u00e9llas que permiten al usuario la navegaci\u00f3n a trav\u00e9s de una p\u00e1gina web, plataforma o aplicaci\u00f3n y la utilizaci\u00f3n de las diferentes opciones o servicios que en ella existan como, por ejemplo, controlar el tr\u00e1fico y la comunicaci\u00f3n de datos, identificar la sesi\u00f3n, acceder a partes de acceso restringido, recordar los elementos que integran un pedido, realizar el proceso de compra de un pedido, realizar la solicitud de inscripci\u00f3n o participaci\u00f3n en un evento, utilizar elementos de seguridad durante la navegaci\u00f3n, almacenar contenidos para la difusi\u00f3n de videos o sonido o compartir contenidos a trav\u00e9s de redes sociales.<\/p>\n<p class=\"style1\">cookies t\u00e9cnicas en esta web: analytics.google.com<\/p>\n<p class=\"style1\">\u2013\u00a0<strong>Cookies de personalizaci\u00f3n<\/strong>: Son aqu\u00e9llas que permiten al usuario acceder al servicio con algunas caracter\u00edsticas de car\u00e1cter general predefinidas en funci\u00f3n de una serie de criterios en el terminal del usuario como por ejemplo serian el idioma, el tipo de navegador a trav\u00e9s del cual accede al servicio, la configuraci\u00f3n regional desde donde accede al servicio, etc.<\/p>\n<p class=\"style1\">cookies de personalizaci\u00f3n en esta web: no disponemos de espacios publicitarios.<\/p>\n<p class=\"style1\">\u2013\u00a0<strong>Cookies de an\u00e1lisis<\/strong>: Son aqu\u00e9llas que bien tratadas por nosotros o por terceros, nos permiten cuantificar el n\u00famero de usuarios y as\u00ed realizar la medici\u00f3n y an\u00e1lisis estad\u00edstico de la utilizaci\u00f3n que hacen los usuarios del servicio ofertado. Para ello se analiza su navegaci\u00f3n en nuestra p\u00e1gina web con el fin de mejorar la oferta de productos o servicios que le ofrecemos. Cookies de an\u00e1lisis en esta web: google.com<\/p>\n<p class=\"style1\">\u2013\u00a0<strong>Cookies publicitarias<\/strong>: Son aqu\u00e9llas que, bien tratadas por nosotros o por terceros, nos permiten gestionar de la forma m\u00e1s eficaz posible la oferta de los espacios publicitarios que hay en la p\u00e1gina web, adecuando el contenido del anuncio al contenido del servicio solicitado o al uso que realice de nuestra p\u00e1gina web. Para ello podemos analizar sus h\u00e1bitos de navegaci\u00f3n en Internet y podemos mostrarle publicidad relacionada con su perfil de navegaci\u00f3n. Cookies publicitarias en esta web: no disponemos de espacios publicitarios.<\/p>\n<p class=\"style1\">\u2013\u00a0<strong>Cookies de publicidad comportamental<\/strong>: Son aqu\u00e9llas que permiten la gesti\u00f3n, de la forma m\u00e1s eficaz posible, de los espacios publicitarios que, en su caso, el editor haya incluido en una p\u00e1gina web, aplicaci\u00f3n o plataforma desde la que presta el servicio solicitado. Estas cookies almacenan informaci\u00f3n del comportamiento de los usuarios obtenida a trav\u00e9s de la observaci\u00f3n continuada de sus h\u00e1bitos de navegaci\u00f3n, lo que permite desarrollar un perfil espec\u00edfico para mostrar publicidad en funci\u00f3n del mismo. Cookies publicitarias en esta web: no disponemos de espacios publicitarios.<\/p>\n<h3 class=\"style1\">Desactivaci\u00f3n o eliminaci\u00f3n de las cookies:<\/h3>\n<p class=\"style1\">Puede usted permitir, bloquear o eliminar las cookies instaladas en su equipo mediante la configuraci\u00f3n de las opciones del navegador instalado en su ordenador.<\/p>\n<p class=\"style1\">A continuaci\u00f3n puede ver donde encontrarlas en los navegadores de internet m\u00e1s utilizados, adem\u00e1s dispone de un enlace a un video realizado por la Agencia de Protecci\u00f3n de Datos para configurar la privacidad en los diferentes navegadores.:<\/p>\n<p>&nbsp;<\/p>\n<table border=\"0\" cellpadding=\"5\" align=\"center\">\n<tbody>\n<tr>\n<td><img decoding=\"async\" class=\" size-full wp-image-1676\" title=\"Microsoft Internet Explorer\" src=\"https:\/\/www.clinicarementeria.es\/wp-content\/uploads\/2014\/01\/logo_ie.png\" alt=\"Microsoft Internet Explorer\" width=\"32\" height=\"32\" \/><\/td>\n<td>Internet Explorer \/ Herramientas \/ Opciones de Internet \/ Privacidad \/ Configuraci\u00f3n.<\/td>\n<td><\/td>\n<\/tr>\n<tr>\n<td><img decoding=\"async\" class=\" size-full wp-image-1677\" title=\"Firefox\" src=\"https:\/\/www.clinicarementeria.es\/wp-content\/uploads\/2014\/01\/logo_firefox.png\" alt=\"Firefox\" width=\"32\" height=\"32\" \/><\/td>\n<td>Firefox \/ Herramientas \/ Opciones \/ Privacidad \/ Historial \/ Configuraci\u00f3n personalizada.<\/td>\n<td><\/td>\n<\/tr>\n<tr>\n<td><img decoding=\"async\" class=\" size-full wp-image-1678\" title=\"Google Chrome\" src=\"https:\/\/www.clinicarementeria.es\/wp-content\/uploads\/2014\/01\/logo_chrome.png\" alt=\"Google Chrome\" width=\"32\" height=\"32\" \/><\/td>\n<td>Chrome \/ Configuraci\u00f3n \/ Mostrar opciones avanzadas \/ Privacidad \/ Configuraci\u00f3n de contenido.<\/td>\n<td><\/td>\n<\/tr>\n<tr>\n<td><img loading=\"lazy\" decoding=\"async\" class=\" size-full wp-image-1679\" title=\"Safari\" src=\"https:\/\/www.clinicarementeria.es\/wp-content\/uploads\/2014\/01\/logo_safari.png\" alt=\"Safari\" width=\"32\" height=\"32\" \/><\/td>\n<td>Safari \/ Preferencias \/ Seguridad.<\/td>\n<td><\/td>\n<\/tr>\n<tr>\n<td><img loading=\"lazy\" decoding=\"async\" class=\" size-full wp-image-1680\" title=\"Opera\" src=\"https:\/\/www.clinicarementeria.es\/wp-content\/uploads\/2014\/01\/logo_opera.png\" alt=\"Opera\" width=\"32\" height=\"32\" \/><\/td>\n<td>Opera \/ Configuraci\u00f3n \/ Privacidad y seguridad.<\/td>\n<\/tr>\n<\/tbody>\n<\/table>\n<\/div>\n<p>[\/vc_column_text][\/vc_column][\/vc_row]<\/p>\n","protected":false},"excerpt":{"rendered":"<p>[vc_row full_width=\u00bbstretch_row\u00bb css=\u00bb.vc_custom_1620919022669{margin-top: -155px !important;padding-bottom: 65px !important;background-color: #1e73be !important;}\u00bb][vc_column][\/vc_column][\/vc_row][vc_row][vc_column][vc_column_text] Pol\u00edtica de cookies \u00bfQu\u00e9 son las cookies? Una cookie es un fichero que se descarga en su ordenador al acceder a determinadas p\u00e1ginas web. Las cookies permiten a una p\u00e1gina web, entre otras cosas, almacenar y recuperar informaci\u00f3n sobre los h\u00e1bitos de navegaci\u00f3n de un usuario&hellip;<\/p>\n","protected":false},"author":1,"featured_media":0,"parent":0,"menu_order":0,"comment_status":"closed","ping_status":"closed","template":"","meta":{"footnotes":""},"class_list":["post-256","page","type-page","status-publish","hentry","description-off"],"_links":{"self":[{"href":"https:\/\/mondoconsulting.net\/index.php\/wp-json\/wp\/v2\/pages\/256","targetHints":{"allow":["GET"]}}],"collection":[{"href":"https:\/\/mondoconsulting.net\/index.php\/wp-json\/wp\/v2\/pages"}],"about":[{"href":"https:\/\/mondoconsulting.net\/index.php\/wp-json\/wp\/v2\/types\/page"}],"author":[{"embeddable":true,"href":"https:\/\/mondoconsulting.net\/index.php\/wp-json\/wp\/v2\/users\/1"}],"replies":[{"embeddable":true,"href":"https:\/\/mondoconsulting.net\/index.php\/wp-json\/wp\/v2\/comments?post=256"}],"version-history":[{"count":13,"href":"https:\/\/mondoconsulting.net\/index.php\/wp-json\/wp\/v2\/pages\/256\/revisions"}],"predecessor-version":[{"id":784,"href":"https:\/\/mondoconsulting.net\/index.php\/wp-json\/wp\/v2\/pages\/256\/revisions\/784"}],"wp:attachment":[{"href":"https:\/\/mondoconsulting.net\/index.php\/wp-json\/wp\/v2\/media?parent=256"}],"curies":[{"name":"wp","href":"https:\/\/api.w.org\/{rel}","templated":true}]}}